{"id":113,"date":"2024-01-30T15:57:32","date_gmt":"2024-01-30T15:57:32","guid":{"rendered":"https:\/\/paveplus.com\/?page_id=113"},"modified":"2024-02-06T12:19:56","modified_gmt":"2024-02-06T12:19:56","slug":"infos-fuer-kommunen","status":"publish","type":"page","link":"https:\/\/paveplus.com\/en\/infos-fuer-kommunen\/","title":{"rendered":"Infos f\u00fcr Kommunen"},"content":{"rendered":"\n<figure class=\"wp-block-image size-large is-resized\"><img loading=\"lazy\" decoding=\"async\" width=\"1024\" height=\"256\" src=\"https:\/\/paveplus.com\/wp-content\/uploads\/2024\/01\/Logo_bl_web-1024x256.png\" alt=\"\" class=\"wp-image-118\" style=\"width:427px;height:auto\" srcset=\"https:\/\/paveplus.com\/wp-content\/uploads\/2024\/01\/Logo_bl_web-1024x256.png 1024w, https:\/\/paveplus.com\/wp-content\/uploads\/2024\/01\/Logo_bl_web-300x75.png 300w, https:\/\/paveplus.com\/wp-content\/uploads\/2024\/01\/Logo_bl_web-768x192.png 768w, https:\/\/paveplus.com\/wp-content\/uploads\/2024\/01\/Logo_bl_web-400x100.png 400w, https:\/\/paveplus.com\/wp-content\/uploads\/2024\/01\/Logo_bl_web-600x150.png 600w, https:\/\/paveplus.com\/wp-content\/uploads\/2024\/01\/Logo_bl_web.png 1200w\" sizes=\"auto, (max-width: 1024px) 100vw, 1024px\" \/><\/figure>\n\n\n\n<h2 class=\"wp-block-heading is-style-default\">Informationen f\u00fcr Kommunen &#8211; Haftung bei Stra\u00dfensch\u00e4den<\/h2>\n\n\n\n<h3 class=\"wp-block-heading\">Wer haftet bei Stra\u00dfensch\u00e4den?<\/h3>\n\n\n\n<p>St\u00e4dte und Gemeinden tragen Sorge daf\u00fcr, dass sich die Stra\u00dfen und Verkehrswege in einem gen\u00fcgenden Zustand befinden. Grundlage ist die <strong>Verkehrssicherungspflicht<\/strong>. Demzufolge ist derjenige, der eine Gefahrenquelle schafft, f\u00fcr diese verantwortlich. Kommen St\u00e4dte und Gemeinden dieser Pflicht nicht nach, kann Schadenersatzanspruch nach <a href=\"https:\/\/www.gesetze-im-internet.de\/bgb\/__823.html\" target=\"_blank\" rel=\"noreferrer noopener\">Paragraf 823 ff. BGB<\/a> gestellt werden. Aus diesem Grund haben Beh\u00f6rden die Pflicht, auf Stra\u00dfensch\u00e4den aufmerksam zu machen. Dazu wird h\u00e4ufig ein Warnschild vor den Sch\u00e4den am Fahrbahnrand oder B\u00fcrgersteig aufgestellt. Auch Tempolimits sind ein Mittel, Dritte indirekt vor den auf der Fahrbahn lauernden Gefahren zu warnen beziehungsweise um sich Haftungsanspr\u00fcchen zu entziehen.&nbsp;<\/p>\n\n\n\n<h3 class=\"wp-block-heading\">Gefahrenquelle: Wie gro\u00df darf ein Schlagloch sein?&nbsp;<\/h3>\n\n\n\n<p>Die Gerichte sind sich \u00fcberwiegend einig, dass Schlagl\u00f6cher auf verkehrswichtigen Stra\u00dfen erst ab einer Tiefe von 15 cm und auf Autobahnen ab einer Tiefe von 10 cm als sogenannte abhilfebed\u00fcrftige Gefahrenquelle gelten. Bei Radfahrern sieht es anders aus. Schlagl\u00f6cher, die tiefer sind als 4 cm\u2013 wobei dies auch vom Einzelfall abh\u00e4ngig ist &#8211; stellen eine Gefahrenquelle dar, die von der zust\u00e4ndigen Beh\u00f6rde beseitigt, im Fachjargon abgestellt, werden muss (OLG Koblenz, Urteil vom 16.07.2001 \u2013 12 U 124\/00).&nbsp;<\/p>\n\n\n\n<p>Unter folgendem Link k\u00f6nnen Sie den <strong>Einf\u00fchrungserlass zur &#8220;Verwendung von l\u00f6semittelfreiem Reparaturasphalt&#8221;<\/strong> des Ministeriums f\u00fcr Verkehr, BW als PDF-Dokument herunterladen.<\/p>\n\n\n\n<div class=\"wp-block-buttons is-layout-flex wp-block-buttons-is-layout-flex\">\n<div class=\"wp-block-button\"><a class=\"wp-block-button__link wp-element-button\" href=\"https:\/\/paveplus.com\/wp-content\/uploads\/2024\/02\/23-SCT-Erlass-Verwendung-von-loesemittelfreiem-Reparaturasph.pdf\" target=\"_blank\" rel=\"noreferrer noopener\">Download PDF<\/a><\/div>\n<\/div>\n","protected":false},"excerpt":{"rendered":"<p>Informationen f\u00fcr Kommunen &#8211; Haftung bei Stra\u00dfensch\u00e4den Wer haftet bei Stra\u00dfensch\u00e4den? St\u00e4dte und Gemeinden tragen Sorge daf\u00fcr, dass sich die Stra\u00dfen und Verkehrswege in einem gen\u00fcgenden Zustand befinden. Grundlage ist die Verkehrssicherungspflicht. Demzufolge ist derjenige, der eine Gefahrenquelle schafft, f\u00fcr diese verantwortlich. Kommen St\u00e4dte und Gemeinden dieser Pflicht nicht nach, kann Schadenersatzanspruch nach Paragraf 823 [&#8230;]<\/p>\n","protected":false},"author":1,"featured_media":0,"parent":0,"menu_order":0,"comment_status":"closed","ping_status":"closed","template":"page-infoskommunen.php","meta":{"inline_featured_image":false,"footnotes":""},"class_list":["post-113","page","type-page","status-publish","hentry"],"_links":{"self":[{"href":"https:\/\/paveplus.com\/en\/wp-json\/wp\/v2\/pages\/113","targetHints":{"allow":["GET"]}}],"collection":[{"href":"https:\/\/paveplus.com\/en\/wp-json\/wp\/v2\/pages"}],"about":[{"href":"https:\/\/paveplus.com\/en\/wp-json\/wp\/v2\/types\/page"}],"author":[{"embeddable":true,"href":"https:\/\/paveplus.com\/en\/wp-json\/wp\/v2\/users\/1"}],"replies":[{"embeddable":true,"href":"https:\/\/paveplus.com\/en\/wp-json\/wp\/v2\/comments?post=113"}],"version-history":[{"count":6,"href":"https:\/\/paveplus.com\/en\/wp-json\/wp\/v2\/pages\/113\/revisions"}],"predecessor-version":[{"id":126,"href":"https:\/\/paveplus.com\/en\/wp-json\/wp\/v2\/pages\/113\/revisions\/126"}],"wp:attachment":[{"href":"https:\/\/paveplus.com\/en\/wp-json\/wp\/v2\/media?parent=113"}],"curies":[{"name":"wp","href":"https:\/\/api.w.org\/{rel}","templated":true}]}}