{"id":1479,"date":"2025-01-03T14:05:21","date_gmt":"2025-01-03T14:05:21","guid":{"rendered":"https:\/\/paveplus.com\/versand__lieferung\/"},"modified":"2025-01-24T14:45:44","modified_gmt":"2025-01-24T14:45:44","slug":"versand__lieferung","status":"publish","type":"page","link":"https:\/\/paveplus.com\/en\/versand__lieferung\/","title":{"rendered":"Versand &#038; Lieferung"},"content":{"rendered":"<p><strong>Versand und Lieferung<\/strong><\/p>\n<p><strong>Verk\u00e4uferinformationen<\/strong><br \/>\nDer Onlineshop wird betrieben von:<br \/>\nPave+ GmbH<br \/>\nDekan-Stockmayer-Str. 1<br \/>\n72202 Nagold<br \/>\nDeutschland<\/p>\n<p><strong>Versand innerhalb Deutschlands<\/strong><br \/>\nDer Versand innerhalb Deutschlands erfolgt mit <strong>DHL<\/strong>. Die Versandkosten betragen <strong>6,90 \u20ac<\/strong> (inklusive Umsatzsteuer) pauschal pro Bestellung.<br \/>\nDie Lieferung erfolgt, sofern nicht anders angegeben, <strong>innerhalb von 4 Tagen<\/strong> nach Eingang der Bestellung und vollst\u00e4ndiger Zahlung.<\/p>\n<p><strong>Versand innerhalb der EU<\/strong><br \/>\nInnerhalb der EU wird die Ware ebenfalls mit <strong>DHL<\/strong> versendet. Die Versandkosten betragen pauschal <strong>14,49 \u20ac<\/strong>.<br \/>\nDie Lieferung erfolgt in der Regel <strong>innerhalb von 7\u201310 Werktagen<\/strong> nach Eingang der Bestellung und vollst\u00e4ndiger Zahlung.<\/p>\n<p><strong>Versand in andere L\u00e4nder<\/strong><br \/>\nEin Versand in L\u00e4nder au\u00dferhalb der EU erfolgt ausschlie\u00dflich <strong>auf Anfrage<\/strong>. Bitte senden Sie hierzu eine E-Mail an <strong><a rel=\"noopener\">shop@paveplus.com<\/a><\/strong>.<\/p>\n<p><strong>Versanddienstleister und Lagerung<\/strong><br \/>\nDer Versand der Ware wird von unserem Partnerunternehmen organisiert:<\/p>\n<p>SATEMA \u2013 Corporate Fashion GmbH<br \/>\nWannweiler Str. 55<br \/>\nD-72770 Reutlingen<br \/>\nDeutschland<\/p>\n<p><strong>Kontakt SATEMA:<\/strong><\/p>\n<ul>\n<li>Telefon: +49 (0) 71 21 12706-0<\/li>\n<li>Fax: +49 (0) 71 21 12706-79<\/li>\n<li>E-Mail: <a rel=\"noopener\">info@satema.de<\/a><\/li>\n<\/ul>\n<p>Gesch\u00e4ftsf\u00fchrer: Alina Sulz, Michael Sulz<br \/>\nAmtsgericht Stuttgart: HRB 759229<br \/>\nZust\u00e4ndiges Finanzamt: Reutlingen<br \/>\nUSt-Id-Nr.: DE 309 758 562<br \/>\nSteuer-Nr.: 7803681420<\/p>\n<p><strong>Zus\u00e4tzliche Hinweise<\/strong><\/p>\n<ul>\n<li>Bitte beachten Sie, dass f\u00fcr Lieferungen ins Ausland (au\u00dferhalb der EU) unter Umst\u00e4nden zus\u00e4tzliche Zoll- oder Einfuhrgeb\u00fchren anfallen k\u00f6nnen, die vom K\u00e4ufer zu tragen sind.<\/li>\n<li>F\u00fcr Sonderw\u00fcnsche oder besondere Lieferanforderungen k\u00f6nnen Sie sich gerne an uns wenden.<\/li>\n<\/ul>\n","protected":false},"excerpt":{"rendered":"<p>Versand und Lieferung Verk\u00e4uferinformationen Der Onlineshop wird betrieben von: Pave+ GmbH Dekan-Stockmayer-Str. 1 72202 Nagold Deutschland Versand innerhalb Deutschlands Der Versand innerhalb Deutschlands erfolgt mit DHL. Die Versandkosten betragen 6,90 \u20ac (inklusive Umsatzsteuer) pauschal pro Bestellung. Die Lieferung erfolgt, sofern nicht anders angegeben, innerhalb von 4 Tagen nach Eingang der Bestellung und vollst\u00e4ndiger Zahlung. Versand [&#8230;]<\/p>\n","protected":false},"author":1,"featured_media":0,"parent":0,"menu_order":0,"comment_status":"closed","ping_status":"closed","template":"","meta":{"inline_featured_image":false,"footnotes":""},"class_list":["post-1479","page","type-page","status-publish","hentry"],"_links":{"self":[{"href":"https:\/\/paveplus.com\/en\/wp-json\/wp\/v2\/pages\/1479","targetHints":{"allow":["GET"]}}],"collection":[{"href":"https:\/\/paveplus.com\/en\/wp-json\/wp\/v2\/pages"}],"about":[{"href":"https:\/\/paveplus.com\/en\/wp-json\/wp\/v2\/types\/page"}],"author":[{"embeddable":true,"href":"https:\/\/paveplus.com\/en\/wp-json\/wp\/v2\/users\/1"}],"replies":[{"embeddable":true,"href":"https:\/\/paveplus.com\/en\/wp-json\/wp\/v2\/comments?post=1479"}],"version-history":[{"count":1,"href":"https:\/\/paveplus.com\/en\/wp-json\/wp\/v2\/pages\/1479\/revisions"}],"predecessor-version":[{"id":1684,"href":"https:\/\/paveplus.com\/en\/wp-json\/wp\/v2\/pages\/1479\/revisions\/1684"}],"wp:attachment":[{"href":"https:\/\/paveplus.com\/en\/wp-json\/wp\/v2\/media?parent=1479"}],"curies":[{"name":"wp","href":"https:\/\/api.w.org\/{rel}","templated":true}]}}