{"id":386,"date":"2024-02-19T16:14:37","date_gmt":"2024-02-19T16:14:37","guid":{"rendered":"https:\/\/paveplus.com\/?page_id=386"},"modified":"2024-12-27T09:16:43","modified_gmt":"2024-12-27T09:16:43","slug":"impressum","status":"publish","type":"page","link":"https:\/\/paveplus.com\/en\/impressum\/","title":{"rendered":"Impressum"},"content":{"rendered":"\n<h2 class=\"wp-block-heading\">Impressum<\/h2>\n\n\n\n<p><strong>PAVE+ GmbH <\/strong><br>Dekan- Stockmayer- Stra\u00dfe 1<br>72202 Nagold<\/p>\n\n\n\n<p>Sitz: Herdweg 10\/1, 71131 Jettingen<\/p>\n\n\n\n<p>Telefon: +497452 63 10 600<br>E-Mail:&nbsp;<a href=\"mailto:info@paveplus.com?subject=Kontakt%20www.paveplus.com\">info@paveplus.com<\/a><\/p>\n\n\n\n<p>Registergericht: Amtsgericht Stuttgart<br>Registernummer:\u00a0<strong>HRB 783542<\/strong><br>Umsatzsteuer-Identifikationsnummer gem. \u00a727a UstG:\u00a0<strong>DE350955235<\/strong><\/p>\n\n\n\n<p><strong>Vertretungsberechtigter Gesch\u00e4ftsf\u00fchrer:<\/strong><br>Robin Stroh\u00e4ker<\/p>\n\n\n\n<p><strong>Inhaltlich verantwortlicher nach \u00a7 55 II RStV:<\/strong><br>Robin Stroh\u00e4ker (Anschrift s. o.)<\/p>\n\n\n\n<hr class=\"wp-block-separator has-alpha-channel-opacity\"\/>\n\n\n\n<p><strong>EU-Streitschlichtung<\/strong><\/p>\n\n\n\n<p>Online-Plattform zur au\u00dfergerichtlichen Streitschlichtung und Hinweis nach \u00a7 36 VSBG Die Europ\u00e4ische Kommission stellt eine Plattform f\u00fcr die au\u00dfergerichtliche Online-Streitbeilegung (OS-Plattform) bereit, die unter <a href=\"http:\/\/www.ec.europa.eu\/consumers\/odr\">www.ec.europa.eu\/consumers\/odr<\/a> aufrufbar ist.<\/p>\n\n\n\n<p>Unsere E-Mail-Adresse lautet: <a href=\"mailto:info@paveplus.com?subject=Kontakt%20www.paveplus.com\">info@paveplus.com<\/a><\/p>\n\n\n\n<p>Das Anrufen des Online-Streitbeilegungs-Portals stellt eine Alternative zur Anrufung eines ordentlichen Gerichts dar.<br>Wir sind weder verpflichtet noch bereit, an einem Streitbeilegungsverfahren vor einer Verbraucherschlichtungsstelle teilzunehmen.<\/p>\n","protected":false},"excerpt":{"rendered":"<p>Impressum PAVE+ GmbH Dekan- Stockmayer- Stra\u00dfe 172202 Nagold Sitz: Herdweg 10\/1, 71131 Jettingen Telefon: +497452 63 10 600E-Mail:&nbsp;info@paveplus.com Registergericht: Amtsgericht StuttgartRegisternummer:\u00a0HRB 783542Umsatzsteuer-Identifikationsnummer gem. \u00a727a UstG:\u00a0DE350955235 Vertretungsberechtigter Gesch\u00e4ftsf\u00fchrer:Robin Stroh\u00e4ker Inhaltlich verantwortlicher nach \u00a7 55 II RStV:Robin Stroh\u00e4ker (Anschrift s. o.) EU-Streitschlichtung Online-Plattform zur au\u00dfergerichtlichen Streitschlichtung und Hinweis nach \u00a7 36 VSBG Die Europ\u00e4ische Kommission stellt eine [&#8230;]<\/p>\n","protected":false},"author":1,"featured_media":0,"parent":0,"menu_order":0,"comment_status":"closed","ping_status":"closed","template":"page-blank.php","meta":{"inline_featured_image":false,"footnotes":""},"class_list":["post-386","page","type-page","status-publish","hentry"],"_links":{"self":[{"href":"https:\/\/paveplus.com\/en\/wp-json\/wp\/v2\/pages\/386","targetHints":{"allow":["GET"]}}],"collection":[{"href":"https:\/\/paveplus.com\/en\/wp-json\/wp\/v2\/pages"}],"about":[{"href":"https:\/\/paveplus.com\/en\/wp-json\/wp\/v2\/types\/page"}],"author":[{"embeddable":true,"href":"https:\/\/paveplus.com\/en\/wp-json\/wp\/v2\/users\/1"}],"replies":[{"embeddable":true,"href":"https:\/\/paveplus.com\/en\/wp-json\/wp\/v2\/comments?post=386"}],"version-history":[{"count":5,"href":"https:\/\/paveplus.com\/en\/wp-json\/wp\/v2\/pages\/386\/revisions"}],"predecessor-version":[{"id":1477,"href":"https:\/\/paveplus.com\/en\/wp-json\/wp\/v2\/pages\/386\/revisions\/1477"}],"wp:attachment":[{"href":"https:\/\/paveplus.com\/en\/wp-json\/wp\/v2\/media?parent=386"}],"curies":[{"name":"wp","href":"https:\/\/api.w.org\/{rel}","templated":true}]}}