{"id":1562,"date":"2025-01-10T16:04:13","date_gmt":"2025-01-10T16:04:13","guid":{"rendered":"https:\/\/paveplus.com\/?post_type=product&#038;p=1562"},"modified":"2025-07-26T09:06:19","modified_gmt":"2025-07-26T09:06:19","slug":"imperial-t-shirt","status":"publish","type":"product","link":"https:\/\/paveplus.com\/en\/produkt\/imperial-t-shirt\/","title":{"rendered":"Workwear T-Shirt"},"content":{"rendered":"<ul>\n<li>Unisex-Rundhals Imperial T-Shirt mit Doppeln\u00e4hten an \u00c4rmeln und Bund<\/li>\n<li>Hochwertiger Druck auf Brust und R\u00fccken<\/li>\n<li>Material: 100% Baumwolle<\/li>\n<li>Grammatur: 190 g\/m\u00b2<\/li>\n<li>Farbe: Schwarz<\/li>\n<\/ul>\n","protected":false},"excerpt":{"rendered":"<p>Unisex-Rundhals Imperial T-Shirt mit Doppeln\u00e4hten an \u00c4rmeln und Bund Hochwertiger Druck auf Brust und R\u00fccken Material: 100% Baumwolle Grammatur: 190 g\/m\u00b2 Farbe: Schwarz<\/p>\n","protected":false},"featured_media":1583,"comment_status":"closed","ping_status":"closed","template":"","meta":{"inline_featured_image":false},"product_brand":[],"product_cat":[49],"product_tag":[],"class_list":{"0":"post-1562","1":"product","2":"type-product","3":"status-publish","4":"has-post-thumbnail","6":"product_cat-shirts","8":"first","9":"instock","10":"taxable","11":"shipping-taxable","12":"purchasable","13":"product-type-variable"},"_links":{"self":[{"href":"https:\/\/paveplus.com\/en\/wp-json\/wp\/v2\/product\/1562","targetHints":{"allow":["GET"]}}],"collection":[{"href":"https:\/\/paveplus.com\/en\/wp-json\/wp\/v2\/product"}],"about":[{"href":"https:\/\/paveplus.com\/en\/wp-json\/wp\/v2\/types\/product"}],"replies":[{"embeddable":true,"href":"https:\/\/paveplus.com\/en\/wp-json\/wp\/v2\/comments?post=1562"}],"wp:featuredmedia":[{"embeddable":true,"href":"https:\/\/paveplus.com\/en\/wp-json\/wp\/v2\/media\/1583"}],"wp:attachment":[{"href":"https:\/\/paveplus.com\/en\/wp-json\/wp\/v2\/media?parent=1562"}],"wp:term":[{"taxonomy":"product_brand","embeddable":true,"href":"https:\/\/paveplus.com\/en\/wp-json\/wp\/v2\/product_brand?post=1562"},{"taxonomy":"product_cat","embeddable":true,"href":"https:\/\/paveplus.com\/en\/wp-json\/wp\/v2\/product_cat?post=1562"},{"taxonomy":"product_tag","embeddable":true,"href":"https:\/\/paveplus.com\/en\/wp-json\/wp\/v2\/product_tag?post=1562"}],"curies":[{"name":"wp","href":"https:\/\/api.w.org\/{rel}","templated":true}]}}