{"id":2726,"date":"2025-07-26T08:36:30","date_gmt":"2025-07-26T08:36:30","guid":{"rendered":"https:\/\/paveplus.com\/?post_type=product&#038;p=2726"},"modified":"2025-07-26T09:31:30","modified_gmt":"2025-07-26T09:31:30","slug":"nylon-bomber-jacket","status":"publish","type":"product","link":"https:\/\/paveplus.com\/en\/produkt\/nylon-bomber-jacket\/","title":{"rendered":"Nylon Bomber Jacket"},"content":{"rendered":"<ul>\n<li>Modischer Bomberjacken Style (Grammatur: 360 g\/m\u00b2)<\/li>\n<li>Veredelung mit hochwertigem Stick auf der Brust<\/li>\n<li>Material: 100% Polyester<\/li>\n<li>Rippb\u00fcndchen an Saum und \u00c4rmel\u00f6ffnung<\/li>\n<li>Seitentaschen oberhalb des Saums<\/li>\n<li>Typische Bomberpocket am linken \u00c4rmel<\/li>\n<li>Farbe: Schwarz<\/li>\n<\/ul>\n","protected":false},"excerpt":{"rendered":"<p>Modischer Bomberjacken Style (Grammatur: 360 g\/m\u00b2) Veredelung mit hochwertigem Stick auf der Brust Material: 100% Polyester Rippb\u00fcndchen an Saum und \u00c4rmel\u00f6ffnung Seitentaschen oberhalb des Saums Typische Bomberpocket am linken \u00c4rmel Farbe: Schwarz<\/p>\n","protected":false},"featured_media":2733,"comment_status":"closed","ping_status":"closed","template":"","meta":{"inline_featured_image":false},"product_brand":[],"product_cat":[51],"product_tag":[],"class_list":{"0":"post-2726","1":"product","2":"type-product","3":"status-publish","4":"has-post-thumbnail","6":"product_cat-jacken","8":"first","9":"instock","10":"taxable","11":"shipping-taxable","12":"purchasable","13":"product-type-variable"},"_links":{"self":[{"href":"https:\/\/paveplus.com\/en\/wp-json\/wp\/v2\/product\/2726","targetHints":{"allow":["GET"]}}],"collection":[{"href":"https:\/\/paveplus.com\/en\/wp-json\/wp\/v2\/product"}],"about":[{"href":"https:\/\/paveplus.com\/en\/wp-json\/wp\/v2\/types\/product"}],"replies":[{"embeddable":true,"href":"https:\/\/paveplus.com\/en\/wp-json\/wp\/v2\/comments?post=2726"}],"wp:featuredmedia":[{"embeddable":true,"href":"https:\/\/paveplus.com\/en\/wp-json\/wp\/v2\/media\/2733"}],"wp:attachment":[{"href":"https:\/\/paveplus.com\/en\/wp-json\/wp\/v2\/media?parent=2726"}],"wp:term":[{"taxonomy":"product_brand","embeddable":true,"href":"https:\/\/paveplus.com\/en\/wp-json\/wp\/v2\/product_brand?post=2726"},{"taxonomy":"product_cat","embeddable":true,"href":"https:\/\/paveplus.com\/en\/wp-json\/wp\/v2\/product_cat?post=2726"},{"taxonomy":"product_tag","embeddable":true,"href":"https:\/\/paveplus.com\/en\/wp-json\/wp\/v2\/product_tag?post=2726"}],"curies":[{"name":"wp","href":"https:\/\/api.w.org\/{rel}","templated":true}]}}